{"id":229,"date":"2018-03-18T03:01:54","date_gmt":"2018-03-18T02:01:54","guid":{"rendered":"https:?page_id=229"},"modified":"2018-03-18T04:07:17","modified_gmt":"2018-03-18T03:07:17","slug":"evenementen-in-de-provence","status":"publish","type":"page","link":"https:\/\/beprovence.fr\/nl\/evenementen-in-de-provence.html","title":{"rendered":"Evenementen"},"content":{"rendered":"<p>De Provence leeft met de seizoenen, elk seizoen zijn gebeurtenissen, zomer als winter, lente als herfst.<\/p>\n<p>Deze feesten maken integraal deel uit van het Proven\u00e7aalse erfgoed.<\/p>\n<p>F\u00e9rias, a\u00efoli, transhumance, lichtfeesten, enz&#8230; BeProvence stelt u voor sterke evenementen te ontdekken in de lokale tradities, die u onder geen enkel voorwendsel mag missen! Met familie of vrienden, er is geen leeftijd om te genieten van uitstapjes!<\/p>\n","protected":false},"excerpt":{"rendered":"<p>De Provence leeft met de seizoenen, elk seizoen zijn gebeurtenissen, zomer als winter, lente als herfst. Deze feesten maken integraal deel uit van het Proven\u00e7aalse erfgoed. F\u00e9rias, a\u00efoli, transhumance, lichtfeesten, enz&#8230; BeProvence stelt u voor sterke evenementen te ontdekken in de lokale tradities, die u onder geen enkel voorwendsel mag missen! Met familie of vrienden, [&hellip;]<\/p>\n","protected":false},"author":1,"featured_media":132,"parent":0,"menu_order":0,"comment_status":"closed","ping_status":"closed","template":"","meta":{"_acf_changed":false,"footnotes":""},"class_list":["post-229","page","type-page","status-publish","has-post-thumbnail","hentry"],"acf":[],"_links":{"self":[{"href":"https:\/\/beprovence.fr\/nl\/wp-json\/wp\/v2\/pages\/229","targetHints":{"allow":["GET"]}}],"collection":[{"href":"https:\/\/beprovence.fr\/nl\/wp-json\/wp\/v2\/pages"}],"about":[{"href":"https:\/\/beprovence.fr\/nl\/wp-json\/wp\/v2\/types\/page"}],"author":[{"embeddable":true,"href":"https:\/\/beprovence.fr\/nl\/wp-json\/wp\/v2\/users\/1"}],"replies":[{"embeddable":true,"href":"https:\/\/beprovence.fr\/nl\/wp-json\/wp\/v2\/comments?post=229"}],"version-history":[{"count":0,"href":"https:\/\/beprovence.fr\/nl\/wp-json\/wp\/v2\/pages\/229\/revisions"}],"wp:featuredmedia":[{"embeddable":true,"href":"https:\/\/beprovence.fr\/nl\/wp-json\/wp\/v2\/media\/132"}],"wp:attachment":[{"href":"https:\/\/beprovence.fr\/nl\/wp-json\/wp\/v2\/media?parent=229"}],"curies":[{"name":"wp","href":"https:\/\/api.w.org\/{rel}","templated":true}]}}